{"id":13462,"date":"2025-11-11T17:24:02","date_gmt":"2025-11-11T17:24:02","guid":{"rendered":"https:\/\/solucionespm.net\/gwm\/?page_id=13462"},"modified":"2026-01-22T04:53:02","modified_gmt":"2026-01-22T04:53:02","slug":"repuestos","status":"publish","type":"page","link":"https:\/\/solucionespm.net\/gwm\/repuestos\/","title":{"rendered":"Repuestos"},"content":{"rendered":"\t\t<div data-elementor-type=\"wp-page\" data-elementor-id=\"13462\" class=\"elementor elementor-13462\" data-elementor-post-type=\"page\">\n\t\t\t\t\t\t<section class=\"elementor-section elementor-top-section elementor-element elementor-element-f9c941e elementor-section-boxed elementor-section-height-default elementor-section-height-default\" data-id=\"f9c941e\" data-element_type=\"section\" data-settings=\"{&quot;background_background&quot;:&quot;video&quot;,&quot;background_video_link&quot;:&quot;https:\\\/\\\/solucionespm.net\\\/gwm\\\/wp-content\\\/uploads\\\/2025\\\/11\\\/PC_Homepage-carousel-chart-component-04-Tank-500.mp4&quot;}\">\n\t\t\t\t\t\t\t\t<div class=\"elementor-background-video-container elementor-hidden-mobile\" aria-hidden=\"true\">\n\t\t\t\t\t\t\t\t\t\t\t\t\t<video class=\"elementor-background-video-hosted\" autoplay muted playsinline loop><\/video>\n\t\t\t\t\t\t\t\t\t\t\t<\/div>\n\t\t\t\t\t\t\t\t\t<div class=\"elementor-background-overlay\"><\/div>\n\t\t\t\t\t\t\t<div class=\"elementor-container elementor-column-gap-default\">\n\t\t\t\t\t<div class=\"elementor-column elementor-col-100 elementor-top-column elementor-element elementor-element-2173fb41\" data-id=\"2173fb41\" data-element_type=\"column\">\n\t\t\t<div class=\"elementor-widget-wrap elementor-element-populated\">\n\t\t\t\t\t\t<section class=\"elementor-section elementor-inner-section elementor-element elementor-element-f17626f elementor-section-boxed elementor-section-height-default elementor-section-height-default\" data-id=\"f17626f\" data-element_type=\"section\">\n\t\t\t\t\t\t<div class=\"elementor-container elementor-column-gap-default\">\n\t\t\t\t\t<div class=\"elementor-column elementor-col-100 elementor-inner-column elementor-element elementor-element-73487db4\" data-id=\"73487db4\" data-element_type=\"column\">\n\t\t\t<div class=\"elementor-widget-wrap elementor-element-populated\">\n\t\t\t\t\t\t<div class=\"elementor-element elementor-element-528ab75d elementor-widget__width-initial elementor-widget elementor-widget-jws-breadcrumbs\" data-id=\"528ab75d\" data-element_type=\"widget\" data-widget_type=\"jws-breadcrumbs.default\">\n\t\t\t\t<div class=\"elementor-widget-container\">\n\t\t\t\t\t\t\t\r\n\t\t\t<ul class=\"jws-breadcrumbs\" itemscope=\"\" itemtype=\"http:\/\/schema.org\/BreadcrumbList\">\r\n\r\n\t\t\t<li class=\"jws-breadcrumbs__item jws-breadcrumbs__item--home\" itemprop=\"itemListElement\" position=\"0\" itemscope=\"\" itemtype=\"http:\/\/schema.org\/ListItem\">\r\n\t\t\t<a class=\"jws-breadcrumbs__crumb jws-breadcrumbs__crumb--link jws-breadcrumbs__crumb--home\" itemprop=\"item\" rel=\"v:url\" property=\"v:title\" href=\"https:\/\/solucionespm.net\/gwm\" title=\"Inicio\">\r\n\t\t\t\t<span itemprop=\"name\" class=\"jws-breadcrumbs__text\">\r\n\t\t\t\t\tInicio\t\t\t\t<\/span>\r\n\t\t\t<\/a>\r\n\t\t<\/li><li class=\"jws-breadcrumbs__separator\"><span class=\"jws-icon jws-icon-support--svg\"><i aria-hidden=\"true\" class=\"jwsicon- jws-icon-001-right-arrows-couple\"><\/i><\/span><\/li><\/ul>\t\t\t\t<\/div>\n\t\t\t\t<\/div>\n\t\t\t\t\t<\/div>\n\t\t<\/div>\n\t\t\t\t\t<\/div>\n\t\t<\/section>\n\t\t\t\t\t<\/div>\n\t\t<\/div>\n\t\t\t\t\t<\/div>\n\t\t<\/section>\n\t\t\t\t<section class=\"elementor-section elementor-top-section elementor-element elementor-element-5b2d4e6 elementor-section-boxed elementor-section-height-default elementor-section-height-default\" data-id=\"5b2d4e6\" data-element_type=\"section\">\n\t\t\t\t\t\t<div class=\"elementor-container elementor-column-gap-default\">\n\t\t\t\t\t<div class=\"elementor-column elementor-col-50 elementor-top-column elementor-element elementor-element-15fc69b\" data-id=\"15fc69b\" data-element_type=\"column\">\n\t\t\t<div class=\"elementor-widget-wrap elementor-element-populated\">\n\t\t\t\t\t\t<div class=\"elementor-element elementor-element-614fe66 elementor-widget elementor-widget-heading\" data-id=\"614fe66\" data-element_type=\"widget\" data-widget_type=\"heading.default\">\n\t\t\t\t<div class=\"elementor-widget-container\">\n\t\t\t\t\t<h2 class=\"elementor-heading-title elementor-size-default\">Repuestos Originales GWM en Guatemala<\/h2>\t\t\t\t<\/div>\n\t\t\t\t<\/div>\n\t\t\t\t<div class=\"elementor-element elementor-element-dd2fadd elementor-widget__width-initial elementor-widget elementor-widget-text-editor\" data-id=\"dd2fadd\" data-element_type=\"widget\" data-widget_type=\"text-editor.default\">\n\t\t\t\t<div class=\"elementor-widget-container\">\n\t\t\t\t\t\t\t\t\t<p>En GWM sabemos que el rendimiento de tu veh\u00edculo no se improvisa. Por eso, en nuestra <strong>postventa<\/strong> contamos con <strong>repuestos originales GWM<\/strong> dise\u00f1ados para mantener tu camioneta o SUV con el desempe\u00f1o, la seguridad y la durabilidad que esperas desde el primer d\u00eda.<\/p><p><br \/>Al elegir <strong>repuestos originales<\/strong>, proteges la garant\u00eda, aseguras un ajuste perfecto y prolongas la vida \u00fatil de componentes clave como frenos, filtros, suspensi\u00f3n, bater\u00eda, lubricantes y piezas el\u00e9ctricas. Adem\u00e1s, nuestro equipo te asesora para que compres exactamente lo que tu veh\u00edculo necesita, sin p\u00e9rdidas de tiempo ni piezas equivocadas.<\/p>\t\t\t\t\t\t\t\t<\/div>\n\t\t\t\t<\/div>\n\t\t\t\t\t<\/div>\n\t\t<\/div>\n\t\t\t\t<div class=\"elementor-column elementor-col-50 elementor-top-column elementor-element elementor-element-4316daa\" data-id=\"4316daa\" data-element_type=\"column\" data-settings=\"{&quot;background_background&quot;:&quot;classic&quot;}\">\n\t\t\t<div class=\"elementor-widget-wrap elementor-element-populated\">\n\t\t\t\t\t\t<div class=\"elementor-element elementor-element-80c4c1b elementor-widget elementor-widget-image\" data-id=\"80c4c1b\" data-element_type=\"widget\" data-widget_type=\"image.default\">\n\t\t\t\t<div class=\"elementor-widget-container\">\n\t\t\t\t\t\t\t\t\t\t\t\t\t\t\t<img fetchpriority=\"high\" decoding=\"async\" width=\"1344\" height=\"768\" src=\"https:\/\/solucionespm.net\/gwm\/wp-content\/uploads\/2026\/01\/image.webp\" class=\"attachment-full size-full wp-image-15731\" alt=\"\" srcset=\"https:\/\/solucionespm.net\/gwm\/wp-content\/uploads\/2026\/01\/image.webp 1344w, https:\/\/solucionespm.net\/gwm\/wp-content\/uploads\/2026\/01\/image-300x171.webp 300w, https:\/\/solucionespm.net\/gwm\/wp-content\/uploads\/2026\/01\/image-1024x585.webp 1024w, https:\/\/solucionespm.net\/gwm\/wp-content\/uploads\/2026\/01\/image-768x439.webp 768w, https:\/\/solucionespm.net\/gwm\/wp-content\/uploads\/2026\/01\/image-600x343.webp 600w\" sizes=\"(max-width: 1344px) 100vw, 1344px\" \/>\t\t\t\t\t\t\t\t\t\t\t\t\t\t\t<\/div>\n\t\t\t\t<\/div>\n\t\t\t\t\t<\/div>\n\t\t<\/div>\n\t\t\t\t\t<\/div>\n\t\t<\/section>\n\t\t\t\t<section class=\"elementor-section elementor-top-section elementor-element elementor-element-ab27e20 banner-adven1 elementor-section-boxed elementor-section-height-default elementor-section-height-default\" data-id=\"ab27e20\" data-element_type=\"section\">\n\t\t\t\t\t\t<div class=\"elementor-container elementor-column-gap-default\">\n\t\t\t        <div class=\"shade_animation shade-ea1e516\">\r\n\t\t             \t\t\t\t<div class=\"shade_wrap elementor-repeater-item-3a91d82\">\r\n                                <div class=\"shade_wrap_inner alternate infinite\">\r\n                                    <img decoding=\"async\" src=\"https:\/\/solucionespm.net\/gwm\/wp-content\/uploads\/2021\/01\/banner2.png\">  \r\n                                <\/div>  \r\n                            <\/div>\r\n                        \t\t\t\t<div class=\"shade_wrap elementor-repeater-item-f37c276\">\r\n                                <div class=\"shade_wrap_inner alternate infinite\">\r\n                                    <img decoding=\"async\" src=\"https:\/\/solucionespm.net\/gwm\/wp-content\/uploads\/2021\/01\/shape.svg\">  \r\n                                <\/div>  \r\n                            <\/div>\r\n                    <\/div>\r\n        \t\t<div class=\"elementor-column elementor-col-50 elementor-top-column elementor-element elementor-element-ea1e516 jws-shade-yes elementor-hidden-tablet elementor-hidden-phone\" data-id=\"ea1e516\" data-element_type=\"column\">\n\t\t\t<div class=\"elementor-widget-wrap\">\n\t\t\t\t\t\t\t<\/div>\n\t\t<\/div>\n\t\t\t\t<div class=\"elementor-column elementor-col-50 elementor-top-column elementor-element elementor-element-468df00\" data-id=\"468df00\" data-element_type=\"column\" data-settings=\"{&quot;background_background&quot;:&quot;classic&quot;}\">\n\t\t\t<div class=\"elementor-widget-wrap elementor-element-populated\">\n\t\t\t\t\t\t<div class=\"elementor-element elementor-element-7de891e elementor-widget elementor-widget-heading\" data-id=\"7de891e\" data-element_type=\"widget\" data-widget_type=\"heading.default\">\n\t\t\t\t<div class=\"elementor-widget-container\">\n\t\t\t\t\t<h2 class=\"elementor-heading-title elementor-size-default\">\u00bfPor qu\u00e9 elegir repuestos originales?<\/h2>\t\t\t\t<\/div>\n\t\t\t\t<\/div>\n\t\t\t\t<div class=\"elementor-element elementor-element-aa1dabb elementor-position-inline-start elementor-mobile-position-inline-start elementor-view-default elementor_icon_hover_none elementor-widget elementor-widget-icon-box\" data-id=\"aa1dabb\" data-element_type=\"widget\" data-widget_type=\"icon-box.default\">\n\t\t\t\t<div class=\"elementor-widget-container\">\n\t\t\t\t\t\t\t<div class=\"elementor-icon-box-wrapper\">\n\n\t\t\t\t\t\t<div class=\"elementor-icon-box-icon\">\n\t\t\t\t<span  class=\"elementor-icon\">\n\t\t\t\t<i aria-hidden=\"true\" class=\"icon icon-arrow_carrot-right\"><\/i>\t\t\t\t<\/span>\n\t\t\t<\/div>\n\t\t\t\n\t\t\t\t\t\t<div class=\"elementor-icon-box-content\">\n\n\t\t\t\t\t\t\t\t\t<h3 class=\"elementor-icon-box-title\">\n\t\t\t\t\t\t<span  >\n\t\t\t\t\t\t\tCompatibilidad garantizada: \t\t\t\t\t\t<\/span>\n\t\t\t\t\t<\/h3>\n\t\t\t\t\n\t\t\t\t\t\t\t\t\t<p class=\"elementor-icon-box-description\">\n\t\t\t\t\t\tpiezas desarrolladas para tu modelo GWM.\n\t\t\t\t\t<\/p>\n\t\t\t\t\n\t\t\t<\/div>\n\t\t\t\n\t\t<\/div>\n\t\t\t\t\t\t<\/div>\n\t\t\t\t<\/div>\n\t\t\t\t<div class=\"elementor-element elementor-element-cdd79b1 elementor-position-inline-start elementor-mobile-position-inline-start elementor-view-default elementor_icon_hover_none elementor-widget elementor-widget-icon-box\" data-id=\"cdd79b1\" data-element_type=\"widget\" data-widget_type=\"icon-box.default\">\n\t\t\t\t<div class=\"elementor-widget-container\">\n\t\t\t\t\t\t\t<div class=\"elementor-icon-box-wrapper\">\n\n\t\t\t\t\t\t<div class=\"elementor-icon-box-icon\">\n\t\t\t\t<span  class=\"elementor-icon\">\n\t\t\t\t<i aria-hidden=\"true\" class=\"icon icon-arrow_carrot-right\"><\/i>\t\t\t\t<\/span>\n\t\t\t<\/div>\n\t\t\t\n\t\t\t\t\t\t<div class=\"elementor-icon-box-content\">\n\n\t\t\t\t\t\t\t\t\t<h3 class=\"elementor-icon-box-title\">\n\t\t\t\t\t\t<span  >\n\t\t\t\t\t\t\tSeguridad y rendimiento: \t\t\t\t\t\t<\/span>\n\t\t\t\t\t<\/h3>\n\t\t\t\t\n\t\t\t\t\t\t\t\t\t<p class=\"elementor-icon-box-description\">\n\t\t\t\t\t\tcalidad comprobada en componentes cr\u00edticos.\n\t\t\t\t\t<\/p>\n\t\t\t\t\n\t\t\t<\/div>\n\t\t\t\n\t\t<\/div>\n\t\t\t\t\t\t<\/div>\n\t\t\t\t<\/div>\n\t\t\t\t<div class=\"elementor-element elementor-element-504b338 elementor-position-inline-start elementor-mobile-position-inline-start elementor-view-default elementor_icon_hover_none elementor-widget elementor-widget-icon-box\" data-id=\"504b338\" data-element_type=\"widget\" data-widget_type=\"icon-box.default\">\n\t\t\t\t<div class=\"elementor-widget-container\">\n\t\t\t\t\t\t\t<div class=\"elementor-icon-box-wrapper\">\n\n\t\t\t\t\t\t<div class=\"elementor-icon-box-icon\">\n\t\t\t\t<span  class=\"elementor-icon\">\n\t\t\t\t<i aria-hidden=\"true\" class=\"icon icon-arrow_carrot-right\"><\/i>\t\t\t\t<\/span>\n\t\t\t<\/div>\n\t\t\t\n\t\t\t\t\t\t<div class=\"elementor-icon-box-content\">\n\n\t\t\t\t\t\t\t\t\t<h3 class=\"elementor-icon-box-title\">\n\t\t\t\t\t\t<span  >\n\t\t\t\t\t\t\tMayor durabilidad: \t\t\t\t\t\t<\/span>\n\t\t\t\t\t<\/h3>\n\t\t\t\t\n\t\t\t\t\t\t\t\t\t<p class=\"elementor-icon-box-description\">\n\t\t\t\t\t\tmenor desgaste y mejor desempe\u00f1o a largo plazo.\n\t\t\t\t\t<\/p>\n\t\t\t\t\n\t\t\t<\/div>\n\t\t\t\n\t\t<\/div>\n\t\t\t\t\t\t<\/div>\n\t\t\t\t<\/div>\n\t\t\t\t<div class=\"elementor-element elementor-element-08cd75a elementor-position-inline-start elementor-mobile-position-inline-start elementor-view-default elementor_icon_hover_none elementor-widget elementor-widget-icon-box\" data-id=\"08cd75a\" data-element_type=\"widget\" data-widget_type=\"icon-box.default\">\n\t\t\t\t<div class=\"elementor-widget-container\">\n\t\t\t\t\t\t\t<div class=\"elementor-icon-box-wrapper\">\n\n\t\t\t\t\t\t<div class=\"elementor-icon-box-icon\">\n\t\t\t\t<span  class=\"elementor-icon\">\n\t\t\t\t<i aria-hidden=\"true\" class=\"icon icon-arrow_carrot-right\"><\/i>\t\t\t\t<\/span>\n\t\t\t<\/div>\n\t\t\t\n\t\t\t\t\t\t<div class=\"elementor-icon-box-content\">\n\n\t\t\t\t\t\t\t\t\t<h3 class=\"elementor-icon-box-title\">\n\t\t\t\t\t\t<span  >\n\t\t\t\t\t\t\tRespaldo postventa:\t\t\t\t\t\t<\/span>\n\t\t\t\t\t<\/h3>\n\t\t\t\t\n\t\t\t\t\t\t\t\t\t<p class=\"elementor-icon-box-description\">\n\t\t\t\t\t\tsoporte t\u00e9cnico y asesor\u00eda especializada.\n\t\t\t\t\t<\/p>\n\t\t\t\t\n\t\t\t<\/div>\n\t\t\t\n\t\t<\/div>\n\t\t\t\t\t\t<\/div>\n\t\t\t\t<\/div>\n\t\t\t\t\t<\/div>\n\t\t<\/div>\n\t\t\t\t\t<\/div>\n\t\t<\/section>\n\t\t\t\t<section class=\"elementor-section elementor-top-section elementor-element elementor-element-894e085 elementor-section-boxed elementor-section-height-default elementor-section-height-default\" data-id=\"894e085\" data-element_type=\"section\">\n\t\t\t\t\t\t<div class=\"elementor-container elementor-column-gap-default\">\n\t\t\t\t\t<div class=\"elementor-column elementor-col-50 elementor-top-column elementor-element elementor-element-91dd1de\" data-id=\"91dd1de\" data-element_type=\"column\">\n\t\t\t<div class=\"elementor-widget-wrap elementor-element-populated\">\n\t\t\t\t\t\t<div class=\"elementor-element elementor-element-656456f elementor-widget elementor-widget-heading\" data-id=\"656456f\" data-element_type=\"widget\" data-widget_type=\"heading.default\">\n\t\t\t\t<div class=\"elementor-widget-container\">\n\t\t\t\t\t<h2 class=\"elementor-heading-title elementor-size-default\">Disponibilidad y pedidos\n<\/h2>\t\t\t\t<\/div>\n\t\t\t\t<\/div>\n\t\t\t\t<div class=\"elementor-element elementor-element-2e3eb5b elementor-widget__width-initial elementor-widget elementor-widget-text-editor\" data-id=\"2e3eb5b\" data-element_type=\"widget\" data-widget_type=\"text-editor.default\">\n\t\t\t\t<div class=\"elementor-widget-container\">\n\t\t\t\t\t\t\t\t\tTrabajamos para brindarte buena disponibilidad de repuestos y un proceso \u00e1gil para cotizar y solicitar lo que necesites. Puedes comprar en mostrador o pedir apoyo para identificar la pieza correcta con base en tu modelo y n\u00famero de chasis\/VIN.\t\t\t\t\t\t\t\t<\/div>\n\t\t\t\t<\/div>\n\t\t\t\t\t<\/div>\n\t\t<\/div>\n\t\t\t\t<div class=\"elementor-column elementor-col-50 elementor-top-column elementor-element elementor-element-809ee19\" data-id=\"809ee19\" data-element_type=\"column\" data-settings=\"{&quot;background_background&quot;:&quot;classic&quot;}\">\n\t\t\t<div class=\"elementor-widget-wrap elementor-element-populated\">\n\t\t\t\t\t\t<div class=\"elementor-element elementor-element-ccfcb29 elementor-widget elementor-widget-image\" data-id=\"ccfcb29\" data-element_type=\"widget\" data-widget_type=\"image.default\">\n\t\t\t\t<div class=\"elementor-widget-container\">\n\t\t\t\t\t\t\t\t\t\t\t\t\t\t\t<img decoding=\"async\" width=\"480\" height=\"373\" src=\"https:\/\/solucionespm.net\/gwm\/wp-content\/uploads\/2025\/12\/4-480x373-1.webp\" class=\"attachment-full size-full wp-image-15376\" alt=\"\" srcset=\"https:\/\/solucionespm.net\/gwm\/wp-content\/uploads\/2025\/12\/4-480x373-1.webp 480w, https:\/\/solucionespm.net\/gwm\/wp-content\/uploads\/2025\/12\/4-480x373-1-300x233.webp 300w\" sizes=\"(max-width: 480px) 100vw, 480px\" \/>\t\t\t\t\t\t\t\t\t\t\t\t\t\t\t<\/div>\n\t\t\t\t<\/div>\n\t\t\t\t\t<\/div>\n\t\t<\/div>\n\t\t\t\t\t<\/div>\n\t\t<\/section>\n\t\t\t\t<section class=\"elementor-section elementor-top-section elementor-element elementor-element-66ed9b4 elementor-section-stretched elementor-section-boxed elementor-section-height-default elementor-section-height-default\" data-id=\"66ed9b4\" data-element_type=\"section\" data-settings=\"{&quot;stretch_section&quot;:&quot;section-stretched&quot;,&quot;background_background&quot;:&quot;classic&quot;}\">\n\t\t\t\t\t\t<div class=\"elementor-container elementor-column-gap-default\">\n\t\t\t\t\t<div class=\"elementor-column elementor-col-100 elementor-top-column elementor-element elementor-element-997d985\" data-id=\"997d985\" data-element_type=\"column\">\n\t\t\t<div class=\"elementor-widget-wrap elementor-element-populated\">\n\t\t\t\t\t\t<div class=\"elementor-element elementor-element-6f47192 elementor-widget elementor-widget-heading\" data-id=\"6f47192\" data-element_type=\"widget\" data-widget_type=\"heading.default\">\n\t\t\t\t<div class=\"elementor-widget-container\">\n\t\t\t\t\t<h2 class=\"elementor-heading-title elementor-size-default\">Cotiza tus repuestos GWM hoy <\/h2>\t\t\t\t<\/div>\n\t\t\t\t<\/div>\n\t\t\t\t<div class=\"elementor-element elementor-element-e571ec2 elementor-widget elementor-widget-text-editor\" data-id=\"e571ec2\" data-element_type=\"widget\" data-widget_type=\"text-editor.default\">\n\t\t\t\t<div class=\"elementor-widget-container\">\n\t\t\t\t\t\t\t\t\t<p>Escr\u00edbenos o agenda tu solicitud y te confirmamos disponibilidad, precio y tiempos de entrega.<\/p>\t\t\t\t\t\t\t\t<\/div>\n\t\t\t\t<\/div>\n\t\t\t\t<div class=\"elementor-element elementor-element-0f46a0b elementor-align-center elementor-widget elementor-widget-button\" data-id=\"0f46a0b\" data-element_type=\"widget\" data-widget_type=\"button.default\">\n\t\t\t\t<div class=\"elementor-widget-container\">\n\t\t\t\t\t\t\t\t\t<div class=\"elementor-button-wrapper\">\n\t\t\t\t\t<a class=\"elementor-button elementor-button-link elementor-size-sm elementor-animation-grow\" href=\"https:\/\/api.whatsapp.com\/send\/?phone=50235674087&#038;text&#038;type=phone_number&#038;app_absent=0\" target=\"_blank\">\n\t\t\t\t\t\t<span class=\"elementor-button-content-wrapper\">\n\t\t\t\t\t\t<span class=\"elementor-button-icon\">\n\t\t\t\t<i aria-hidden=\"true\" class=\"fab fa-whatsapp\"><\/i>\t\t\t<\/span>\n\t\t\t\t\t\t\t\t\t<span class=\"elementor-button-text\">Cont\u00e1ctanos<\/span>\n\t\t\t\t\t<\/span>\n\t\t\t\t\t<\/a>\n\t\t\t\t<\/div>\n\t\t\t\t\t\t\t\t<\/div>\n\t\t\t\t<\/div>\n\t\t\t\t\t<\/div>\n\t\t<\/div>\n\t\t\t\t\t<\/div>\n\t\t<\/section>\n\t\t\t\t<\/div>\n\t\t","protected":false},"excerpt":{"rendered":"<p>Inicio Repuestos Originales GWM en Guatemala En GWM sabemos que el rendimiento de tu veh\u00edculo no se improvisa. Por eso, en nuestra postventa contamos con repuestos originales GWM dise\u00f1ados para mantener tu camioneta o SUV con el desempe\u00f1o, la seguridad y la durabilidad que esperas desde el primer d\u00eda. Al elegir repuestos originales, proteges la [&hellip;]<\/p>\n","protected":false},"author":1,"featured_media":0,"parent":0,"menu_order":0,"comment_status":"closed","ping_status":"closed","template":"","meta":{"footnotes":""},"class_list":["post-13462","page","type-page","status-publish","hentry"],"_links":{"self":[{"href":"https:\/\/solucionespm.net\/gwm\/wp-json\/wp\/v2\/pages\/13462","targetHints":{"allow":["GET"]}}],"collection":[{"href":"https:\/\/solucionespm.net\/gwm\/wp-json\/wp\/v2\/pages"}],"about":[{"href":"https:\/\/solucionespm.net\/gwm\/wp-json\/wp\/v2\/types\/page"}],"author":[{"embeddable":true,"href":"https:\/\/solucionespm.net\/gwm\/wp-json\/wp\/v2\/users\/1"}],"replies":[{"embeddable":true,"href":"https:\/\/solucionespm.net\/gwm\/wp-json\/wp\/v2\/comments?post=13462"}],"version-history":[{"count":37,"href":"https:\/\/solucionespm.net\/gwm\/wp-json\/wp\/v2\/pages\/13462\/revisions"}],"predecessor-version":[{"id":15764,"href":"https:\/\/solucionespm.net\/gwm\/wp-json\/wp\/v2\/pages\/13462\/revisions\/15764"}],"wp:attachment":[{"href":"https:\/\/solucionespm.net\/gwm\/wp-json\/wp\/v2\/media?parent=13462"}],"curies":[{"name":"wp","href":"https:\/\/api.w.org\/{rel}","templated":true}]}}