{"id":13288,"date":"2025-11-08T23:19:20","date_gmt":"2025-11-08T23:19:20","guid":{"rendered":"https:\/\/solucionespm.net\/gwm\/?page_id=13288"},"modified":"2025-11-09T00:45:57","modified_gmt":"2025-11-09T00:45:57","slug":"centro-de-servicio","status":"publish","type":"page","link":"https:\/\/solucionespm.net\/gwm\/centro-de-servicio\/","title":{"rendered":"Centro de Servicio"},"content":{"rendered":"\t\t<div data-elementor-type=\"wp-page\" data-elementor-id=\"13288\" class=\"elementor elementor-13288\" data-elementor-post-type=\"page\">\n\t\t\t\t\t\t<section class=\"elementor-section elementor-top-section elementor-element elementor-element-7ec62ad elementor-section-content-middle elementor-section-boxed elementor-section-height-default elementor-section-height-default\" data-id=\"7ec62ad\" data-element_type=\"section\">\n\t\t\t\t\t\t\t<div class=\"elementor-background-overlay\"><\/div>\n\t\t\t\t\t\t\t<div class=\"elementor-container elementor-column-gap-default\">\n\t\t\t\t\t<div class=\"elementor-column elementor-col-33 elementor-top-column elementor-element elementor-element-1030e4e\" data-id=\"1030e4e\" data-element_type=\"column\">\n\t\t\t<div class=\"elementor-widget-wrap\">\n\t\t\t\t\t\t\t<\/div>\n\t\t<\/div>\n\t\t\t\t<div class=\"elementor-column elementor-col-33 elementor-top-column elementor-element elementor-element-2446c45\" data-id=\"2446c45\" data-element_type=\"column\">\n\t\t\t<div class=\"elementor-widget-wrap elementor-element-populated\">\n\t\t\t\t\t\t<div class=\"elementor-element elementor-element-295f5a3 elementor-widget elementor-widget-heading\" data-id=\"295f5a3\" data-element_type=\"widget\" data-widget_type=\"heading.default\">\n\t\t\t\t<div class=\"elementor-widget-container\">\n\t\t\t\t\t<h2 class=\"elementor-heading-title elementor-size-default\">FORMULARIO DE CONTACTO CENTRO DE SERVICIO\n<\/h2>\t\t\t\t<\/div>\n\t\t\t\t<\/div>\n\t\t\t\t<div class=\"elementor-element elementor-element-cf11e08 elementor-widget elementor-widget-text-editor\" data-id=\"cf11e08\" data-element_type=\"widget\" data-widget_type=\"text-editor.default\">\n\t\t\t\t<div class=\"elementor-widget-container\">\n\t\t\t\t\t\t\t\t\t<p>Si tienes alguna consulta sobre nuestros centros de servicio, no dudes en contactarnos.<\/p>\t\t\t\t\t\t\t\t<\/div>\n\t\t\t\t<\/div>\n\t\t\t\t<div class=\"elementor-element elementor-element-e3fa0ee elementor-widget elementor-widget-wpforms\" data-id=\"e3fa0ee\" data-element_type=\"widget\" data-widget_type=\"wpforms.default\">\n\t\t\t\t<div class=\"elementor-widget-container\">\n\t\t\t\t\t<style id=\"wpforms-css-vars-elementor-widget-e3fa0ee\">\n\t\t\t\t.elementor-widget-wpforms.elementor-element-e3fa0ee {\n\t\t\t\t--wpforms-field-border-color: #000000CC;\n--wpforms-field-border-color-spare: #000000CC;\n--wpforms-button-background-color: #ED1C24;\n\t\t\t}\n\t\t\t<\/style><div class=\"wpforms-container wpforms-container-full wpforms-render-modern\" id=\"wpforms-13345\"><form id=\"wpforms-form-13345\" class=\"wpforms-validate wpforms-form wpforms-ajax-form\" data-formid=\"13345\" method=\"post\" enctype=\"multipart\/form-data\" action=\"\/gwm\/wp-json\/wp\/v2\/pages\/13288\" data-token=\"7961e7a48b94a53ab3e8f62a9b2fc8a9\" data-token-time=\"1776768717\"><noscript class=\"wpforms-error-noscript\">Por favor, activa JavaScript en tu navegador para completar este formulario.<\/noscript><div id=\"wpforms-error-noscript\" style=\"display: none;\">Por favor, activa JavaScript en tu navegador para completar este formulario.<\/div><div class=\"wpforms-field-container\"><div id=\"wpforms-13345-field_8-container\" class=\"wpforms-field wpforms-field-name\" data-field-id=\"8\"><fieldset><legend class=\"wpforms-field-label\">Nombre  <span class=\"wpforms-required-label\" aria-hidden=\"true\">*<\/span><\/legend><div class=\"wpforms-field-row wpforms-field-large\"><div class=\"wpforms-field-row-block wpforms-first wpforms-one-half\"><input type=\"text\" id=\"wpforms-13345-field_8\" class=\"wpforms-field-name-first wpforms-field-required\" name=\"wpforms[fields][8][first]\" aria-errormessage=\"wpforms-13345-field_8-error\" required><label for=\"wpforms-13345-field_8\" class=\"wpforms-field-sublabel after\">Nombre<\/label><\/div><div class=\"wpforms-field-row-block wpforms-one-half\"><input type=\"text\" id=\"wpforms-13345-field_8-last\" class=\"wpforms-field-name-last wpforms-field-required\" name=\"wpforms[fields][8][last]\" aria-errormessage=\"wpforms-13345-field_8-last-error\" required><label for=\"wpforms-13345-field_8-last\" class=\"wpforms-field-sublabel after\">Apellidos<\/label><\/div><\/div><\/fieldset><\/div><div id=\"wpforms-13345-field_7-container\" class=\"wpforms-field wpforms-field-email\" data-field-id=\"7\"><label class=\"wpforms-field-label\" for=\"wpforms-13345-field_7\">Correo electr\u00f3nico  <span class=\"wpforms-required-label\" aria-hidden=\"true\">*<\/span><\/label><input type=\"email\" id=\"wpforms-13345-field_7\" class=\"wpforms-field-large wpforms-field-required\" name=\"wpforms[fields][7]\" spellcheck=\"false\" aria-errormessage=\"wpforms-13345-field_7-error\" required><\/div><div id=\"wpforms-13345-field_14-container\" class=\"wpforms-field wpforms-field-text\" data-field-id=\"14\"><label class=\"wpforms-field-label\" for=\"wpforms-13345-field_14\">Tel\u00e9fono <\/label><input type=\"text\" id=\"wpforms-13345-field_14\" class=\"wpforms-field-large\" name=\"wpforms[fields][14]\" aria-errormessage=\"wpforms-13345-field_14-error\" ><\/div><div id=\"wpforms-13345-field_11-container\" class=\"wpforms-field wpforms-field-select wpforms-field-select-style-modern\" data-field-id=\"11\"><label class=\"wpforms-field-label\" for=\"wpforms-13345-field_11\">Departamento<\/label><select id=\"wpforms-13345-field_11\" class=\"wpforms-field-large choicesjs-select\" data-size-class=\"wpforms-field-row wpforms-field-large\" data-search-enabled=\"1\" name=\"wpforms[fields][11]\"><option value=\"\" class=\"placeholder\" disabled  selected='selected'><\/option><option value=\"Alta Verapaz\"  class=\"choice-4 depth-1\"  >Alta Verapaz<\/option><option value=\"Baja Verapaz\"  class=\"choice-6 depth-1\"  >Baja Verapaz<\/option><option value=\"Chimaltenango\"  class=\"choice-8 depth-1\"  >Chimaltenango<\/option><option value=\"Chiquimula\"  class=\"choice-10 depth-1\"  >Chiquimula<\/option><option value=\"El Progreso\"  class=\"choice-12 depth-1\"  >El Progreso<\/option><option value=\"Escuintla\"  class=\"choice-14 depth-1\"  >Escuintla<\/option><option value=\"Guatemala\"  class=\"choice-16 depth-1\"  >Guatemala<\/option><option value=\"Huehuetenango\"  class=\"choice-18 depth-1\"  >Huehuetenango<\/option><option value=\"Izabal\"  class=\"choice-20 depth-1\"  >Izabal<\/option><option value=\"Jalapa\"  class=\"choice-22 depth-1\"  >Jalapa<\/option><option value=\"Jutiapa\"  class=\"choice-24 depth-1\"  >Jutiapa<\/option><option value=\"Pet\u00e9n\"  class=\"choice-26 depth-1\"  >Pet\u00e9n<\/option><option value=\"Quetzaltenango\"  class=\"choice-28 depth-1\"  >Quetzaltenango<\/option><option value=\"Quich\u00e9\"  class=\"choice-30 depth-1\"  >Quich\u00e9<\/option><option value=\"Retalhuleu\"  class=\"choice-32 depth-1\"  >Retalhuleu<\/option><option value=\"Sacatep\u00e9quez\"  class=\"choice-34 depth-1\"  >Sacatep\u00e9quez<\/option><option value=\"San Marcos\"  class=\"choice-36 depth-1\"  >San Marcos<\/option><option value=\"Santa Rosa\"  class=\"choice-38 depth-1\"  >Santa Rosa<\/option><option value=\"Solol\u00e1\"  class=\"choice-40 depth-1\"  >Solol\u00e1<\/option><option value=\"Suchitep\u00e9quez\"  class=\"choice-42 depth-1\"  >Suchitep\u00e9quez<\/option><option value=\"Totonicap\u00e1n\"  class=\"choice-44 depth-1\"  >Totonicap\u00e1n<\/option><option value=\"Zacapa\"  class=\"choice-46 depth-1\"  >Zacapa<\/option><\/select><\/div>\t\t<div id=\"wpforms-13345-field_1-container\"\n\t\t\tclass=\"wpforms-field wpforms-field-text\"\n\t\t\tdata-field-type=\"text\"\n\t\t\tdata-field-id=\"1\"\n\t\t\t>\n\t\t\t<label class=\"wpforms-field-label\" for=\"wpforms-13345-field_1\" >Departamento Tel\u00e9fono Mensaje<\/label>\n\t\t\t<input type=\"text\" id=\"wpforms-13345-field_1\" class=\"wpforms-field-medium\" name=\"wpforms[fields][1]\" >\n\t\t<\/div>\n\t\t<div id=\"wpforms-13345-field_13-container\" class=\"wpforms-field wpforms-field-textarea\" data-field-id=\"13\"><label class=\"wpforms-field-label\" for=\"wpforms-13345-field_13\">Mensaje <\/label><textarea id=\"wpforms-13345-field_13\" class=\"wpforms-field-medium\" name=\"wpforms[fields][13]\" aria-errormessage=\"wpforms-13345-field_13-error\" ><\/textarea><\/div><script>\n\t\t\t\t( function() {\n\t\t\t\t\tconst style = document.createElement( 'style' );\n\t\t\t\t\tstyle.appendChild( document.createTextNode( '#wpforms-13345-field_1-container { position: absolute !important; overflow: hidden !important; display: inline !important; height: 1px !important; width: 1px !important; z-index: -1000 !important; padding: 0 !important; } #wpforms-13345-field_1-container input { visibility: hidden; } #wpforms-conversational-form-page #wpforms-13345-field_1-container label { counter-increment: none; }' ) );\n\t\t\t\t\tdocument.head.appendChild( style );\n\t\t\t\t\tdocument.currentScript?.remove();\n\t\t\t\t} )();\n\t\t\t<\/script><\/div><!-- .wpforms-field-container --><div class=\"wpforms-submit-container\" ><input type=\"hidden\" name=\"wpforms[id]\" value=\"13345\"><input type=\"hidden\" name=\"page_title\" value=\"\"><input type=\"hidden\" name=\"page_url\" value=\"https:\/\/solucionespm.net\/gwm\/wp-json\/wp\/v2\/pages\/13288\"><input type=\"hidden\" name=\"url_referer\" value=\"\"><button type=\"submit\" name=\"wpforms[submit]\" id=\"wpforms-submit-13345\" class=\"wpforms-submit\" data-alt-text=\"Sending...\" data-submit-text=\"Enviar mensaje\" aria-live=\"assertive\" value=\"wpforms-submit\">Enviar mensaje<\/button><img decoding=\"async\" src=\"https:\/\/solucionespm.net\/gwm\/wp-content\/plugins\/wpforms-lite\/assets\/images\/submit-spin.svg\" class=\"wpforms-submit-spinner\" style=\"display: none;\" width=\"26\" height=\"26\" alt=\"Cargando\"><\/div><\/form><\/div>  <!-- .wpforms-container -->\t\t\t\t<\/div>\n\t\t\t\t<\/div>\n\t\t\t\t\t<\/div>\n\t\t<\/div>\n\t\t\t\t<div class=\"elementor-column elementor-col-33 elementor-top-column elementor-element elementor-element-e6cdb8f\" data-id=\"e6cdb8f\" data-element_type=\"column\">\n\t\t\t<div class=\"elementor-widget-wrap\">\n\t\t\t\t\t\t\t<\/div>\n\t\t<\/div>\n\t\t\t\t\t<\/div>\n\t\t<\/section>\n\t\t\t\t<\/div>\n\t\t","protected":false},"excerpt":{"rendered":"<p>FORMULARIO DE CONTACTO CENTRO DE SERVICIO Si tienes alguna consulta sobre nuestros centros de servicio, no dudes en contactarnos. Por favor, activa JavaScript en tu navegador para completar este formulario.Por favor, activa JavaScript en tu navegador para completar este formulario. Nombre * NombreApellidos Correo electr\u00f3nico *Tel\u00e9fono DepartamentoAlta VerapazBaja VerapazChimaltenangoChiquimulaEl ProgresoEscuintlaGuatemalaHuehuetenangoIzabalJalapaJutiapaPet\u00e9nQuetzaltenangoQuich\u00e9RetalhuleuSacatep\u00e9quezSan MarcosSanta RosaSolol\u00e1Suchitep\u00e9quezTotonicap\u00e1nZacapaMensaje Enviar mensaje<\/p>\n","protected":false},"author":1,"featured_media":0,"parent":0,"menu_order":0,"comment_status":"closed","ping_status":"closed","template":"","meta":{"footnotes":""},"class_list":["post-13288","page","type-page","status-publish","hentry"],"_links":{"self":[{"href":"https:\/\/solucionespm.net\/gwm\/wp-json\/wp\/v2\/pages\/13288","targetHints":{"allow":["GET"]}}],"collection":[{"href":"https:\/\/solucionespm.net\/gwm\/wp-json\/wp\/v2\/pages"}],"about":[{"href":"https:\/\/solucionespm.net\/gwm\/wp-json\/wp\/v2\/types\/page"}],"author":[{"embeddable":true,"href":"https:\/\/solucionespm.net\/gwm\/wp-json\/wp\/v2\/users\/1"}],"replies":[{"embeddable":true,"href":"https:\/\/solucionespm.net\/gwm\/wp-json\/wp\/v2\/comments?post=13288"}],"version-history":[{"count":19,"href":"https:\/\/solucionespm.net\/gwm\/wp-json\/wp\/v2\/pages\/13288\/revisions"}],"predecessor-version":[{"id":13356,"href":"https:\/\/solucionespm.net\/gwm\/wp-json\/wp\/v2\/pages\/13288\/revisions\/13356"}],"wp:attachment":[{"href":"https:\/\/solucionespm.net\/gwm\/wp-json\/wp\/v2\/media?parent=13288"}],"curies":[{"name":"wp","href":"https:\/\/api.w.org\/{rel}","templated":true}]}}